{"id":46,"date":"2019-12-14T03:36:44","date_gmt":"2019-12-14T03:36:44","guid":{"rendered":"https:\/\/learn2lang.com\/wp\/?page_id=46"},"modified":"2025-04-17T00:48:00","modified_gmt":"2025-04-17T00:48:00","slug":"a-propos","status":"publish","type":"page","link":"https:\/\/learn2lang.com\/wp\/a-propos\/","title":{"rendered":"\u00c0 Propos"},"content":{"rendered":"\n<h2><strong>Learn2Lang (L2L) <\/strong><\/h2>\n<p>&nbsp;<\/p>\n<p><h2>\ud83c\udf41 Learn2Lang (3261620 Canada Inc.), une entreprise canadienne en activit\u00e9 depuis plus de 25 ans \ud83c\udf41<\/h2><\/p>\n<p>Learn2Lang a de nombreuses ann\u00e9es d&#8217;exp\u00e9rience dans l&#8217;enseignement des langues secondes au Canada. Avec notre expertise en formation linguistique, nous avons aid\u00e9 des milliers d\u2019apprenant(e)s \u00e0 obtenir leurs niveaux linguistiques.<\/p>\n<figure><img decoding=\"async\" src=\"https:\/\/learn2lang.com\/wp\/wp-content\/uploads\/2019\/12\/students-studing-language.jpg\" alt=\"\"><\/figure>\n<h2><\/h2>\n<h2>La formation en anglais ou en fran\u00e7ais<\/h2>\n<p>Depuis des ann\u00e9es, notre \u00e9cole de langues est fi\u00e8re d\u2019offrir des services de qualit\u00e9 dans tout le pays. Vous pouvez \u00e9tudier maintenant \u00e0 distance, gr\u00e2ce \u00e0 l&#8217;Internet. Contactez-nous pour la formation en langue seconde, en anglais ou en fran\u00e7ais.<\/p>\n<figure><img decoding=\"async\" src=\"https:\/\/learn2lang.com\/wp\/wp-content\/uploads\/2019\/12\/teacher-teaching-English.jpg\" alt=\"\"><\/figure>\n","protected":false},"excerpt":{"rendered":"<p>Learn2Lang (L2L) &nbsp; \ud83c\udf41 Learn2Lang (3261620 Canada Inc.), une entreprise canadienne en activit\u00e9 depuis plus de 25 ans \ud83c\udf41 Learn2Lang a de nombreuses ann\u00e9es d&#8217;exp\u00e9rience dans l&#8217;enseignement des langues secondes<\/p>\n","protected":false},"author":1,"featured_media":0,"parent":0,"menu_order":0,"comment_status":"closed","ping_status":"closed","template":"","meta":{"footnotes":""},"class_list":["post-46","page","type-page","status-publish","hentry"],"aioseo_notices":[],"_links":{"self":[{"href":"https:\/\/learn2lang.com\/wp\/wp-json\/wp\/v2\/pages\/46","targetHints":{"allow":["GET"]}}],"collection":[{"href":"https:\/\/learn2lang.com\/wp\/wp-json\/wp\/v2\/pages"}],"about":[{"href":"https:\/\/learn2lang.com\/wp\/wp-json\/wp\/v2\/types\/page"}],"author":[{"embeddable":true,"href":"https:\/\/learn2lang.com\/wp\/wp-json\/wp\/v2\/users\/1"}],"replies":[{"embeddable":true,"href":"https:\/\/learn2lang.com\/wp\/wp-json\/wp\/v2\/comments?post=46"}],"version-history":[{"count":13,"href":"https:\/\/learn2lang.com\/wp\/wp-json\/wp\/v2\/pages\/46\/revisions"}],"predecessor-version":[{"id":555,"href":"https:\/\/learn2lang.com\/wp\/wp-json\/wp\/v2\/pages\/46\/revisions\/555"}],"wp:attachment":[{"href":"https:\/\/learn2lang.com\/wp\/wp-json\/wp\/v2\/media?parent=46"}],"curies":[{"name":"wp","href":"https:\/\/api.w.org\/{rel}","templated":true}]}}